{"id":2,"date":"2018-09-15T19:21:00","date_gmt":"2018-09-15T19:21:00","guid":{"rendered":"http:\/\/coop.rhost.dk\/?page_id=2"},"modified":"2020-08-21T10:45:44","modified_gmt":"2020-08-21T08:45:44","slug":"sample-page","status":"publish","type":"page","link":"https:\/\/coop.rhost.dk\/","title":{"rendered":"EMS Home"},"content":{"rendered":"<section  class='av_textblock_section av-jmqnex6v-1f46c3da16bed65cb401b6399542c2ac'  itemscope=\"itemscope\" itemtype=\"https:\/\/schema.org\/CreativeWork\" ><div class='avia_textblock'  itemprop=\"text\" ><h2><span style=\"color: #ff6600;\"><strong>Velkommen til COOP`S EMS side.<\/strong><\/span><\/h2>\n<p>Siden er oprettet for at du nemt kan finde de information du har behov for.<\/p>\n<p>Brug s\u00f8gefeltet i h\u00f8jre hj\u00f8rne til at finde en butik med Kardex nummer, eller s\u00f8g p\u00e5 adresse eller navn.<\/p>\n<p>S\u00e5 hvad kan du finde p\u00e5 Coop.rhost.dk<\/p>\n<p><strong>Butiks information<\/strong><\/p>\n<ul>\n<li>Status p\u00e5 et givent kardex nummer, samt placering og navn.<\/li>\n<li>Oplysninger om IP\/ Switche i butikkerne<\/li>\n<li>Oplysninger om k\u00f8leanl\u00e6g, og overv\u00e5gning<\/li>\n<li>Oversigt over Teknisk netv\u00e6rk og udstyr tilsluttet dette.<\/li>\n<li>F\u00e5 direkte adgang til datalogger for fjernafl\u00e6sning af Energiforbrug<\/li>\n<li>F\u00e5 adgang til Site survey, der er udarbejdet i forbindelse med EMS projektet. der giver dig overblik over placering af m\u00e5lere, og vand\/varme\/El installation m.m i butik. Samt se billeder af alle installerede m\u00e5lere.<\/li>\n<li>Er du El\/VVS mont\u00f8r og installerer nye m\u00e5lere i en af COOP`s butikker, skal du bruge m\u00e5ler registreringen, som findes p\u00e5 hver butik, brug knappen &#8220;G\u00e5 til oversigt&#8221; og registrer m\u00e5leren.<\/li>\n<\/ul>\n<p><strong>Information om EMS<\/strong><\/p>\n<ul>\n<li>Skatte regler for en given unit, eller installations regler for hvordan COOP \u00f8nsker energi m\u00e5ling placeret.<\/li>\n<li>Manualer til m\u00e5lere, dataloggere, eller installation af m\u00e5lere i alle installationer.<\/li>\n<li>Nedluknings procedurer for Vand og El, ved montering af m\u00e5lere.<\/li>\n<li>EMS form\u00e5l og brug<\/li>\n<\/ul>\n<\/div><\/section>\n","protected":false},"excerpt":{"rendered":"","protected":false},"author":1,"featured_media":0,"parent":0,"menu_order":0,"comment_status":"closed","ping_status":"closed","template":"","meta":[],"_links":{"self":[{"href":"https:\/\/coop.rhost.dk\/index.php?rest_route=\/wp\/v2\/pages\/2"}],"collection":[{"href":"https:\/\/coop.rhost.dk\/index.php?rest_route=\/wp\/v2\/pages"}],"about":[{"href":"https:\/\/coop.rhost.dk\/index.php?rest_route=\/wp\/v2\/types\/page"}],"author":[{"embeddable":true,"href":"https:\/\/coop.rhost.dk\/index.php?rest_route=\/wp\/v2\/users\/1"}],"replies":[{"embeddable":true,"href":"https:\/\/coop.rhost.dk\/index.php?rest_route=%2Fwp%2Fv2%2Fcomments&post=2"}],"version-history":[{"count":30,"href":"https:\/\/coop.rhost.dk\/index.php?rest_route=\/wp\/v2\/pages\/2\/revisions"}],"predecessor-version":[{"id":1472,"href":"https:\/\/coop.rhost.dk\/index.php?rest_route=\/wp\/v2\/pages\/2\/revisions\/1472"}],"wp:attachment":[{"href":"https:\/\/coop.rhost.dk\/index.php?rest_route=%2Fwp%2Fv2%2Fmedia&parent=2"}],"curies":[{"name":"wp","href":"https:\/\/api.w.org\/{rel}","templated":true}]}}